{"id":34616,"date":"2024-03-05T11:22:28","date_gmt":"2024-03-05T11:22:28","guid":{"rendered":"https:\/\/test.fimabis.org\/?page_id=34616"},"modified":"2024-03-20T08:06:24","modified_gmt":"2024-03-20T08:06:24","slug":"perfil-contratante","status":"publish","type":"page","link":"https:\/\/fimabis.org\/en\/perfil-contratante\/","title":{"rendered":"Contracting Party Profile"},"content":{"rendered":"<p>[et_pb_section fb_built=\u00bb1&#8243; _builder_version=\u00bb4.24.2&#8243; _module_preset=\u00bbdefault\u00bb custom_margin=\u00bb||||false|false\u00bb locked=\u00bboff\u00bb global_colors_info=\u00bb{}\u00bb][et_pb_row column_structure=\u00bb3_5,2_5&#8243; _builder_version=\u00bb4.24.2&#8243; _module_preset=\u00bbdefault\u00bb custom_margin=\u00bb||||false|false\u00bb custom_padding=\u00bb50px||50px||false|false\u00bb global_colors_info=\u00bb{}\u00bb][et_pb_column type=\u00bb3_5&#8243; _builder_version=\u00bb4.24.2&#8243; _module_preset=\u00bbdefault\u00bb global_colors_info=\u00bb{}\u00bb][et_pb_text _builder_version=\u00bb4.24.2&#8243; _module_preset=\u00bbdefault\u00bb text_font=\u00bbPoppins||||||||\u00bb text_text_color=\u00bb#FFFFFF\u00bb text_font_size=\u00bb9px\u00bb header_font=\u00bb|700|||||||\u00bb header_text_align=\u00bbcenter\u00bb header_text_color=\u00bb#FFFFFF\u00bb header_font_size=\u00bb28px\u00bb header_3_font=\u00bbPoppins|700|||||||\u00bb header_3_text_align=\u00bbcenter\u00bb header_3_text_color=\u00bb#FFFFFF\u00bb header_3_font_size=\u00bb28px\u00bb background_color=\u00bb#00618b\u00bb text_orientation=\u00bbcenter\u00bb custom_margin=\u00bb1px||32px||false|false\u00bb custom_padding=\u00bb10px||10px||false|false\u00bb global_colors_info=\u00bb{}\u00bb]<\/p>\n<h1>Perfil del Contratante<\/h1>\n<p>[\/et_pb_text][et_pb_text _builder_version=\u00bb4.24.2&#8243; _module_preset=\u00bbdefault\u00bb text_text_color=\u00bb#FFFFFF\u00bb text_font_size=\u00bb9px\u00bb header_font=\u00bb|700|||||||\u00bb header_text_align=\u00bbcenter\u00bb header_text_color=\u00bb#FFFFFF\u00bb header_font_size=\u00bb40px\u00bb header_3_font=\u00bbPoppins|700|||||||\u00bb header_3_text_align=\u00bbcenter\u00bb header_3_text_color=\u00bb#FFFFFF\u00bb header_3_font_size=\u00bb28px\u00bb background_color=\u00bb#73c725&#8243; text_orientation=\u00bbcenter\u00bb custom_margin=\u00bb1px||32px||false|false\u00bb custom_padding=\u00bb10px||10px||false|false\u00bb global_colors_info=\u00bb{}\u00bb]<\/p>\n<h3 class=\"titular-sombreado\">Bienvenidos al espacio para la contrataci\u00f3n de FIMABIS\/IBIMA<\/h3>\n<p>[\/et_pb_text][et_pb_text _builder_version=\u00bb4.24.2&#8243; _module_preset=\u00bbdefault\u00bb text_font=\u00bbPoppins||||||||\u00bb text_orientation=\u00bbjustified\u00bb custom_padding=\u00bb||19px|||\u00bb custom_css_free_form=\u00bbselector li {||list-style-type: %22%921F5F8%22;||  font-size: 1em;||  line-height: 2;||}||\u00bb global_colors_info=\u00bb{}\u00bb]<\/p>\n<p style=\"text-align: justify;\">El r\u00e9gimen contractual de FIMABIS, abreviatura de Fundaci\u00f3n para la Investigaci\u00f3n de M\u00e1laga en Biomedicina y Salud, resulta de su condici\u00f3n de fundaci\u00f3n inscrita en el Registro de Fundaciones de la Comunidad Aut\u00f3noma de Andaluc\u00eda, con el n\u00famero MA\/606 rigi\u00e9ndose por la Ley 10\/2005, de 31 de mayo. FIMABIS tiene la condici\u00f3n de poder adjudicador sin car\u00e1cter de Administraci\u00f3n P\u00fablica, conforme a lo establecido en el art. 26 de la ley 9\/2017, de 8 de noviembre, de Contratos del Sector P\u00fablico (en adelante LCSP). El IBIMA Plataforma BIONAND, por su parte es un instituto sanitario de investigaci\u00f3n creado el 19 de marzo de 2012 en virtud del convenio firmado entre la Consejer\u00eda de Salud, la Consejer\u00eda de Econom\u00eda, Innovaci\u00f3n y Ciencia, el Servicio Andaluz de Salud y la Universidad de M\u00e1laga y la Fundaci\u00f3n P\u00fablica Andaluza para la Investigaci\u00f3n de M\u00e1laga en Biomedicina y Salud. Adem\u00e1s, forma parte de los m\u00e1s de 30 institutos acreditados en Espa\u00f1a para la investigaci\u00f3n sanitaria por el Instituto de Salud Carlos III.<\/p>\n<p style=\"text-align: justify;\">Los contratos de FIMABIS tienen car\u00e1cter privado y se regir\u00e1n por lo dispuesto en el T\u00edtulo I del Libro Tercero de la LCSP, en cuanto a su preparaci\u00f3n y adjudicaci\u00f3n. En cuanto a sus efectos y extinci\u00f3n le ser\u00e1n aplicables las normas de derecho privado y aquellas normas a las que se refiere el p\u00e1rrafo primero del art\u00edculo 319 en materia medioambiental, social o laboral, de condiciones especiales de ejecuci\u00f3n, modificaci\u00f3n del contrato, de cesi\u00f3n y subcontrataci\u00f3n, de racionalizaci\u00f3n t\u00e9cnica de la contrataci\u00f3n; y la causa de resoluci\u00f3n del contrato referida a la imposibilidad de ejercer o efectuar la prestaci\u00f3n en los t\u00e9rminos inicialmente pactados, cuando no sea posible modificar el contrato conforme a los art\u00edculos 204 y 205.<\/p>\n<p style=\"text-align: justify;\">Dentro de este tipo de contratos la LCSP diferencia, en cuanto a la adjudicaci\u00f3n de los mismos, entre contratos sujetos a regulaci\u00f3n armonizada y aquellos que no lo est\u00e1n. La preparaci\u00f3n y adjudicaci\u00f3n de los primeros se rige por las normas establecidas en las Secciones 1.\u00aa y 2.\u00aa del Cap\u00edtulo I del T\u00edtulo I del Libro II de la LCSP en virtud del art. 317 de dicha Ley.<\/p>\n<p style=\"text-align: justify;\">Esta Fundaci\u00f3n, en cumplimiento del principio de transparencia en la contrataci\u00f3n y la eficacia y eficiencia en la actuaci\u00f3n administrativa, fomenta y prefiere el empleo de medios electr\u00f3nicos, inform\u00e1ticos y telem\u00e1ticos en los procedimientos contemplados en la Ley por parte de empresas licitadoras y candidatas.<\/p>\n<p style=\"text-align: justify;\">Por tanto, la Fundaci\u00f3n para la Investigaci\u00f3n de M\u00e1laga en Biomedicina y Salud utilizar\u00e1 la Plataforma de Contrataci\u00f3n del Estado como medio de comunicaci\u00f3n con las empresas para la realizaci\u00f3n de licitaciones p\u00fablicas para los procedimientos que as\u00ed lo requieran, y para dar cumplimiento adem\u00e1s a la Ley 19\/2013, de 9 de diciembre, de transparencia, acceso a la informaci\u00f3n p\u00fablica y buen gobierno. Este medio de comunicaci\u00f3n cumple con la normativa aplicable a la contrataci\u00f3n p\u00fablica y de poderes adjudicadores, aportando m\u00e1xima difusi\u00f3n y transparencia a los procesos de contrataci\u00f3n<\/p>\n<p>[\/et_pb_text][et_pb_image src=\u00bbhttps:\/\/fimabis.org\/wp-content\/uploads\/2024\/03\/banner.png\u00bb title_text=\u00bbbanner\u00bb url=\u00bbhttps:\/\/contrataciondelestado.es\/wps\/poc?uri=deeplink:perfilContratante&#038;idBp=UMLJyhxi%2FbLgL1BHd3qjQA%3D%3D\u00bb align=\u00bbcenter\u00bb _builder_version=\u00bb4.24.2&#8243; _module_preset=\u00bbdefault\u00bb global_colors_info=\u00bb{}\u00bb][\/et_pb_image][\/et_pb_column][et_pb_column type=\u00bb2_5&#8243; _builder_version=\u00bb4.24.2&#8243; _module_preset=\u00bbdefault\u00bb custom_padding=\u00bb|||68px|false|false\u00bb global_colors_info=\u00bb{}\u00bb][et_pb_text _builder_version=\u00bb4.24.2&#8243; _module_preset=\u00bbdefault\u00bb text_font=\u00bbPoppins||||||||\u00bb text_text_color=\u00bb#FFFFFF\u00bb text_font_size=\u00bb9px\u00bb header_font=\u00bbPoppins|700|||||||\u00bb header_text_align=\u00bbcenter\u00bb header_text_color=\u00bb#FFFFFF\u00bb header_font_size=\u00bb28px\u00bb header_3_font=\u00bbPoppins|700|||||||\u00bb header_3_text_align=\u00bbcenter\u00bb header_3_text_color=\u00bb#FFFFFF\u00bb header_3_font_size=\u00bb28px\u00bb background_color=\u00bb#00618b\u00bb text_orientation=\u00bbcenter\u00bb custom_margin=\u00bb1px||32px||false|false\u00bb custom_padding=\u00bb10px||10px||false|false\u00bb global_colors_info=\u00bb{}\u00bb]<\/p>\n<h1>De inter\u00e9s<\/h1>\n<p>[\/et_pb_text][et_pb_blurb title=\u00bbPerfil del Contratante\u00bb url=\u00bbhttps:\/\/fimabis.org\/es\/perfil-contratante\/\u00bb use_icon=\u00bbon\u00bb font_icon=\u00bb&#xf51c;||fa||900&#8243; icon_color=\u00bb#0C71C3&#8243; image_icon_background_color=\u00bbRGBA(255,255,255,0)\u00bb icon_placement=\u00bbleft\u00bb image_icon_width=\u00bb36px\u00bb _builder_version=\u00bb4.24.2&#8243; _module_preset=\u00bbdefault\u00bb header_level=\u00bbh3&#8243; header_font=\u00bbPoppins||||||||\u00bb header_text_color=\u00bb#0c71c3&#8243; header_font_size=\u00bb23px\u00bb body_font=\u00bbPoppins||||||||\u00bb background_color=\u00bb#e2e2e2&#8243; image_icon_custom_margin=\u00bb|||10px|false|false\u00bb image_icon_custom_padding=\u00bb20px||20px||false|false\u00bb width=\u00bb85%\u00bb module_alignment=\u00bbcenter\u00bb custom_margin=\u00bb||30px||false|false\u00bb custom_padding=\u00bb30px||30px||false|false\u00bb link_option_url=\u00bbhttps:\/\/fimabis.org\/es\/perfil-contratante\/\u00bb custom_css_free_form=\u00bbselector:hover {||  background: #00618b !important;||}||||selector:hover h1, selector:hover h3, selector:hover p, selector:hover span {||  color: white !important;||}\u00bb border_width_all=\u00bb1px\u00bb border_color_all=\u00bb#0C71C3&#8243; global_colors_info=\u00bb{}\u00bb]<\/p>\n<p>Espacio informativo para la contrataci\u00f3n de FIMABIS<\/p>\n<p>[\/et_pb_blurb][et_pb_blurb title=\u00bbPortal de Transparencia\u00bb url=\u00bbhttps:\/\/fimabis.org\/es\/portal-transparencia\/\u00bb use_icon=\u00bbon\u00bb font_icon=\u00bb&#xf06e;||fa||900&#8243; icon_color=\u00bb#0C71C3&#8243; image_icon_background_color=\u00bbRGBA(255,255,255,0)\u00bb icon_placement=\u00bbleft\u00bb image_icon_width=\u00bb36px\u00bb _builder_version=\u00bb4.24.2&#8243; _module_preset=\u00bbdefault\u00bb header_level=\u00bbh3&#8243; header_font=\u00bbPoppins||||||||\u00bb header_text_color=\u00bb#0c71c3&#8243; header_font_size=\u00bb23px\u00bb body_font=\u00bbPoppins||||||||\u00bb background_color=\u00bb#e2e2e2&#8243; image_icon_custom_margin=\u00bb|||10px|false|false\u00bb image_icon_custom_padding=\u00bb20px||20px||false|false\u00bb width=\u00bb85%\u00bb module_alignment=\u00bbcenter\u00bb custom_margin=\u00bb||30px||false|false\u00bb custom_padding=\u00bb30px||30px||false|false\u00bb custom_css_free_form=\u00bbselector:hover {||  background: #00618b !important;||}||||selector:hover h1, selector:hover h3, selector:hover p, selector:hover span {||  color: white !important;||}\u00bb border_width_all=\u00bb1px\u00bb border_color_all=\u00bb#0C71C3&#8243; global_colors_info=\u00bb{}\u00bb]<\/p>\n<p>Tiene como objetivo ofrecer acceso a la informaci\u00f3n, garantizando su veracidad<\/p>\n<p>[\/et_pb_blurb][et_pb_blurb title=\u00bbPortal de Empleo\u00bb url=\u00bbhttps:\/\/old.ibima.eu\/category\/empleo\/\u00bb use_icon=\u00bbon\u00bb font_icon=\u00bb&#xe0f4;||divi||400&#8243; icon_color=\u00bb#0C71C3&#8243; image_icon_background_color=\u00bbRGBA(255,255,255,0)\u00bb icon_placement=\u00bbleft\u00bb image_icon_width=\u00bb36px\u00bb _builder_version=\u00bb4.24.2&#8243; _module_preset=\u00bbdefault\u00bb header_level=\u00bbh3&#8243; header_font=\u00bbPoppins||||||||\u00bb header_text_color=\u00bb#0c71c3&#8243; header_font_size=\u00bb23px\u00bb body_font=\u00bbPoppins||||||||\u00bb background_color=\u00bb#e2e2e2&#8243; image_icon_custom_margin=\u00bb|||10px|false|false\u00bb image_icon_custom_padding=\u00bb20px||20px||false|false\u00bb width=\u00bb85%\u00bb module_alignment=\u00bbcenter\u00bb custom_margin=\u00bb||30px||false|false\u00bb custom_padding=\u00bb30px||30px||false|false\u00bb custom_css_free_form=\u00bbselector:hover {||  background: #00618b !important;||}||||selector:hover h1, selector:hover h3, selector:hover p, selector:hover span {||  color: white !important;||}\u00bb border_width_all=\u00bb1px\u00bb border_color_all=\u00bb#0C71C3&#8243; locked=\u00bboff\u00bb global_colors_info=\u00bb{}\u00bb]<\/p>\n<p>Espacio habilitado para las ofertas de trabajo<\/p>\n<p>[\/et_pb_blurb][et_pb_text _builder_version=\u00bb4.24.2&#8243; _module_preset=\u00bbdefault\u00bb text_font=\u00bbPoppins||||||||\u00bb text_text_color=\u00bb#FFFFFF\u00bb text_font_size=\u00bb9px\u00bb header_font=\u00bb|700|||||||\u00bb header_text_align=\u00bbcenter\u00bb header_text_color=\u00bb#FFFFFF\u00bb header_font_size=\u00bb28px\u00bb header_3_font=\u00bbPoppins|700|||||||\u00bb header_3_text_align=\u00bbcenter\u00bb header_3_text_color=\u00bb#FFFFFF\u00bb header_3_font_size=\u00bb28px\u00bb background_color=\u00bb#00618b\u00bb text_orientation=\u00bbcenter\u00bb custom_margin=\u00bb||30px||false|false\u00bb custom_padding=\u00bb10px||10px||false|false\u00bb locked=\u00bboff\u00bb global_colors_info=\u00bb{}\u00bb]<\/p>\n<h1>Objetivos<\/h1>\n<p>[\/et_pb_text][et_pb_blurb title=\u00bbApoyar e Impulsar\u00bb use_icon=\u00bbon\u00bb font_icon=\u00bb&#xf1ad;||fa||900&#8243; icon_color=\u00bb#0C71C3&#8243; image_icon_background_color=\u00bbRGBA(255,255,255,0)\u00bb icon_placement=\u00bbleft\u00bb image_icon_width=\u00bb36px\u00bb _builder_version=\u00bb4.24.2&#8243; _module_preset=\u00bbdefault\u00bb header_level=\u00bbh3&#8243; header_font=\u00bbPoppins||||||||\u00bb header_text_color=\u00bb#0c71c3&#8243; header_font_size=\u00bb23px\u00bb body_font=\u00bbPoppins||||||||\u00bb background_color=\u00bb#e2e2e2&#8243; image_icon_custom_margin=\u00bb|||10px|false|false\u00bb image_icon_custom_padding=\u00bb40px||40px||false|false\u00bb width=\u00bb100%\u00bb module_alignment=\u00bbcenter\u00bb custom_margin=\u00bb||30px||false|false\u00bb custom_padding=\u00bb30px|30px|30px||false|false\u00bb border_width_all=\u00bb1px\u00bb border_color_all=\u00bb#0C71C3&#8243; locked=\u00bboff\u00bb global_colors_info=\u00bb{}\u00bb]<\/p>\n<p><span>Dar apoyo e impulsar de forma proactiva la I+D+i de excelencia en Salud en la comunidad aut\u00f3noma andaluza en general y de la provincia de M\u00e1laga en particular<\/span><\/p>\n<p>[\/et_pb_blurb][et_pb_blurb title=\u00bbGarantizar\u00bb use_icon=\u00bbon\u00bb font_icon=\u00bb&#xe001;||divi||400&#8243; icon_color=\u00bb#0C71C3&#8243; image_icon_background_color=\u00bbRGBA(255,255,255,0)\u00bb icon_placement=\u00bbleft\u00bb image_icon_width=\u00bb36px\u00bb _builder_version=\u00bb4.24.2&#8243; _module_preset=\u00bbdefault\u00bb header_level=\u00bbh3&#8243; header_font=\u00bbPoppins||||||||\u00bb header_text_color=\u00bb#0c71c3&#8243; header_font_size=\u00bb23px\u00bb body_font=\u00bbPoppins||||||||\u00bb background_color=\u00bb#e2e2e2&#8243; image_icon_custom_margin=\u00bb|||10px|false|false\u00bb image_icon_custom_padding=\u00bb40px||40px||false|false\u00bb width=\u00bb100%\u00bb module_alignment=\u00bbcenter\u00bb custom_margin=\u00bb||30px||false|false\u00bb custom_padding=\u00bb30px|30px|30px||false|false\u00bb border_width_all=\u00bb1px\u00bb border_color_all=\u00bb#0C71C3&#8243; locked=\u00bboff\u00bb global_colors_info=\u00bb{}\u00bb]<\/p>\n<p><span>Garantizar la igualdad y equidad en el acceso a los profesionales del SSPA de la provincia de M\u00e1laga, a la Cartera de Servicios de Gesti\u00f3n y Apoyo de la Red de Fundaciones Gestoras de Investigaci\u00f3n del SSPA<\/span><\/p>\n<p>[\/et_pb_blurb][et_pb_blurb title=\u00bbIncrementar\u00bb use_icon=\u00bbon\u00bb font_icon=\u00bb&#xe04b;||divi||400&#8243; icon_color=\u00bb#0C71C3&#8243; image_icon_background_color=\u00bbRGBA(255,255,255,0)\u00bb icon_placement=\u00bbleft\u00bb image_icon_width=\u00bb36px\u00bb _builder_version=\u00bb4.24.2&#8243; _module_preset=\u00bbdefault\u00bb header_level=\u00bbh3&#8243; header_font=\u00bbPoppins||||||||\u00bb header_text_color=\u00bb#0c71c3&#8243; header_font_size=\u00bb23px\u00bb body_font=\u00bbPoppins||||||||\u00bb background_color=\u00bb#e2e2e2&#8243; image_icon_custom_margin=\u00bb|||10px|false|false\u00bb image_icon_custom_padding=\u00bb40px||40px||false|false\u00bb width=\u00bb100%\u00bb module_alignment=\u00bbcenter\u00bb custom_margin=\u00bb||30px||false|false\u00bb custom_padding=\u00bb30px|30px|30px||false|false\u00bb border_width_all=\u00bb1px\u00bb border_color_all=\u00bb#0C71C3&#8243; locked=\u00bboff\u00bb global_colors_info=\u00bb{}\u00bb]<\/p>\n<p><span>Incrementar la aplicabilidad de los resultados de la investigaci\u00f3n en la industria m\u00e9dica, farmac\u00e9utica y biotecnol\u00f3gica y\/o pr\u00e1ctica cl\u00ednica asistencial a trav\u00e9s de su gesti\u00f3n de la protecci\u00f3n y transferencia de los resultados<\/span><\/p>\n<p>[\/et_pb_blurb][et_pb_blurb title=\u00bbDesarrollar\u00bb use_icon=\u00bbon\u00bb font_icon=\u00bb&#xf4c1;||fa||900&#8243; icon_color=\u00bb#0C71C3&#8243; image_icon_background_color=\u00bbRGBA(255,255,255,0)\u00bb icon_placement=\u00bbleft\u00bb image_icon_width=\u00bb36px\u00bb _builder_version=\u00bb4.24.2&#8243; _module_preset=\u00bbdefault\u00bb header_level=\u00bbh3&#8243; header_font=\u00bbPoppins||||||||\u00bb header_text_color=\u00bb#0c71c3&#8243; header_font_size=\u00bb23px\u00bb body_font=\u00bbPoppins||||||||\u00bb background_color=\u00bb#e2e2e2&#8243; image_icon_custom_margin=\u00bb|||10px|false|false\u00bb image_icon_custom_padding=\u00bb40px||40px||false|false\u00bb width=\u00bb100%\u00bb module_alignment=\u00bbcenter\u00bb custom_margin=\u00bb||30px||false|false\u00bb custom_padding=\u00bb30px|30px|30px||false|false\u00bb border_width_all=\u00bb1px\u00bb border_color_all=\u00bb#0C71C3&#8243; locked=\u00bboff\u00bb global_colors_info=\u00bb{}\u00bb]<\/p>\n<p class=\"x_MsoNormal\"><span>Desarrollar una pol\u00edtica activa de b\u00fasqueda de financiaci\u00f3n p\u00fablica y privada maximizando la capacidad de captaci\u00f3n de fondos, con el objetivo final de fomentar el aumento de la competitividad cient\u00edfica, as\u00ed como la sostenibilidad y autofinanciaci\u00f3n de FIMABIS<\/span><\/p>\n<p>[\/et_pb_blurb][et_pb_blurb title=\u00bbDinamizar\u00bb use_icon=\u00bbon\u00bb font_icon=\u00bb&#xe00a;||divi||400&#8243; icon_color=\u00bb#0C71C3&#8243; image_icon_background_color=\u00bbRGBA(255,255,255,0)\u00bb icon_placement=\u00bbleft\u00bb image_icon_width=\u00bb36px\u00bb _builder_version=\u00bb4.24.2&#8243; _module_preset=\u00bbdefault\u00bb header_level=\u00bbh3&#8243; header_font=\u00bbPoppins||||||||\u00bb header_text_color=\u00bb#0c71c3&#8243; header_font_size=\u00bb23px\u00bb body_font=\u00bbPoppins||||||||\u00bb background_color=\u00bb#e2e2e2&#8243; image_icon_custom_margin=\u00bb|||10px|false|false\u00bb image_icon_custom_padding=\u00bb40px||40px||false|false\u00bb width=\u00bb100%\u00bb module_alignment=\u00bbcenter\u00bb custom_margin=\u00bb||30px||false|false\u00bb custom_padding=\u00bb30px|30px|30px||false|false\u00bb border_width_all=\u00bb1px\u00bb border_color_all=\u00bb#0C71C3&#8243; locked=\u00bboff\u00bb global_colors_info=\u00bb{}\u00bb]<\/p>\n<p class=\"x_MsoNormal\"><span>Dinamizar el desarrollo de ensayos cl\u00ednicos y estudios observacionales en el \u00e1mbito de actuaci\u00f3n de FIMABIS, garantizando el m\u00e1ximo respeto de los postulados \u00e9ticos e impulsando los mecanismos de control efectivo de los mismos<\/span><\/p>\n<p>[\/et_pb_blurb][et_pb_blurb title=\u00bbFomentar\u00bb use_icon=\u00bbon\u00bb font_icon=\u00bb&#xe007;||divi||400&#8243; icon_color=\u00bb#0C71C3&#8243; image_icon_background_color=\u00bbRGBA(255,255,255,0)\u00bb icon_placement=\u00bbleft\u00bb image_icon_width=\u00bb36px\u00bb _builder_version=\u00bb4.24.2&#8243; _module_preset=\u00bbdefault\u00bb header_level=\u00bbh3&#8243; header_font=\u00bbPoppins||||||||\u00bb header_text_color=\u00bb#0c71c3&#8243; header_font_size=\u00bb23px\u00bb body_font=\u00bbPoppins||||||||\u00bb background_color=\u00bb#e2e2e2&#8243; image_icon_custom_margin=\u00bb|||10px|false|false\u00bb image_icon_custom_padding=\u00bb40px||40px||false|false\u00bb width=\u00bb100%\u00bb module_alignment=\u00bbcenter\u00bb custom_margin=\u00bb||30px||false|false\u00bb custom_padding=\u00bb30px|30px|30px||false|false\u00bb border_width_all=\u00bb1px\u00bb border_color_all=\u00bb#0C71C3&#8243; locked=\u00bboff\u00bb global_colors_info=\u00bb{}\u00bb]<\/p>\n<p class=\"x_MsoNormal\"><span>Fomentar la formaci\u00f3n de los profesionales as\u00ed como el desarrollo, la movilidad y la interconexi\u00f3n del talento y la creatividad tanto en el \u00e1mbito nacional como internacional<\/span><\/p>\n<p>[\/et_pb_blurb][\/et_pb_column][\/et_pb_row][\/et_pb_section]<\/p>\n","protected":false},"excerpt":{"rendered":"<p>Perfil del ContratanteBienvenidos al espacio para la contrataci\u00f3n de FIMABIS\/IBIMAEl r\u00e9gimen contractual de FIMABIS, abreviatura de Fundaci\u00f3n para la Investigaci\u00f3n de M\u00e1laga en Biomedicina y Salud, resulta de su condici\u00f3n de fundaci\u00f3n inscrita en el Registro de Fundaciones de la Comunidad Aut\u00f3noma de Andaluc\u00eda, con el n\u00famero MA\/606 rigi\u00e9ndose por la Ley 10\/2005, de 31 [&hellip;]<\/p>\n","protected":false},"author":1,"featured_media":0,"parent":0,"menu_order":0,"comment_status":"closed","ping_status":"closed","template":"","meta":{"_et_pb_use_builder":"on","_et_pb_old_content":"","_et_gb_content_width":"","footnotes":""},"class_list":["post-34616","page","type-page","status-publish","hentry"],"_links":{"self":[{"href":"https:\/\/fimabis.org\/en\/wp-json\/wp\/v2\/pages\/34616","targetHints":{"allow":["GET"]}}],"collection":[{"href":"https:\/\/fimabis.org\/en\/wp-json\/wp\/v2\/pages"}],"about":[{"href":"https:\/\/fimabis.org\/en\/wp-json\/wp\/v2\/types\/page"}],"author":[{"embeddable":true,"href":"https:\/\/fimabis.org\/en\/wp-json\/wp\/v2\/users\/1"}],"replies":[{"embeddable":true,"href":"https:\/\/fimabis.org\/en\/wp-json\/wp\/v2\/comments?post=34616"}],"version-history":[{"count":25,"href":"https:\/\/fimabis.org\/en\/wp-json\/wp\/v2\/pages\/34616\/revisions"}],"predecessor-version":[{"id":34913,"href":"https:\/\/fimabis.org\/en\/wp-json\/wp\/v2\/pages\/34616\/revisions\/34913"}],"wp:attachment":[{"href":"https:\/\/fimabis.org\/en\/wp-json\/wp\/v2\/media?parent=34616"}],"curies":[{"name":"wp","href":"https:\/\/api.w.org\/{rel}","templated":true}]}}